{"id":7386,"date":"2023-05-11T08:48:35","date_gmt":"2023-05-11T13:48:35","guid":{"rendered":"https:\/\/museodelcanal.com\/?page_id=7386"},"modified":"2023-05-11T10:02:25","modified_gmt":"2023-05-11T15:02:25","slug":"nuestras-exposiciones","status":"publish","type":"page","link":"https:\/\/museodelcanal.com\/en\/nuestras-exposiciones\/","title":{"rendered":"Nuestras Exposiciones"},"content":{"rendered":"<p>[vc_row][vc_column][vc_empty_space]<div class=\"eltdf-section-title-holder   eltdf-st-decorative-line\" style=\"text-align: center\">\n\t<div class=\"eltdf-st-inner\">\n                    <span class=\"eltdf-st-caption\" >\n                <span class=\"eltdf-st-caption-inner\" >Museo del Canal<\/span>\n            <\/span>\n        \t\t\t\t\t<h2 class=\"eltdf-st-title\" >\n    <span class=\"eltdf-st-title-inner\"><span class=\"eltdf-st-side-line-left\" ><\/span>Exposiciones Permanentes<span class=\"eltdf-st-side-line-right\" ><\/span><\/span>\n\t\t\t<\/h2>\n\t\t\t\t\t\t\t<p class=\"eltdf-st-text\" >\n\t\t\t\tEl recorrido por las salas cuenta la historia paname\u00f1a llev\u00e1ndote de la mano por 1,350 piezas desde \u00e9pocas precolombinas hasta la actualidad, incluyendo el Tratado Torrijos-Carter, la Bandera del 9 de enero de 1964 y las de la Siembra de Banderas de 1958. Tu visita inicia con el surgimiento del istmo, enmarcando a Panam\u00e1 como principal ruta de tr\u00e1nsito de la regi\u00f3n. El patrimonio te narra el fiel testimonio de nuestra importancia como ruta trans\u00edstmica, los estudios, exploraciones y todo el arduo proceso de construcci\u00f3n del Canal. Por \u00faltimo, conoces nuestras luchas generacionales por reivindicar nuestra soberan\u00eda y la puesta en marcha de nuestro gran proyecto de ampliaci\u00f3n del Canal.\t\t\t<\/p>\n\t\t\t\t\t<\/div>\n<\/div><div class=\"eltdf-portfolio-list-holder eltdf-grid-list eltdf-pl-gallery eltdf-three-columns eltdf-normal-space eltdf-disable-bottom-space eltdf-pl-gallery-overlay    eltdf-pl-pag-no-pagination     \"  data-type=gallery data-item-type=gallery data-number-of-columns=three data-space-between-items=normal data-number-of-items=9 data-image-proportions=custom data-custom-image-width=200 data-custom-image-height=200 data-enable-fixed-proportions=no data-enable-image-shadow=no data-orderby=date data-order=DESC data-item-style=gallery-overlay data-enable-title=yes data-title-tag=h4 data-title-text-transform=none data-enable-category=no data-enable-count-images=no data-enable-excerpt=no data-excerpt-length=20 data-pagination-type=no-pagination data-filter=no data-filter-order-by=name data-enable-article-animation=no data-portfolio-slider-on=no data-enable-loop=yes data-enable-autoplay=yes data-slider-speed=5000 data-slider-speed-animation=600 data-enable-navigation=yes data-enable-pagination=yes data-max-num-pages=3 data-next-page=2>\n\t\t<div class=\"eltdf-pl-inner eltdf-outer-space  clearfix\">\n\t\t<article class=\"eltdf-pl-item eltdf-item-space  post-19450 portfolio-item type-portfolio-item status-publish has-post-thumbnail hentry portfolio-category-exposiciones-temporales\">\n\t<div class=\"eltdf-pl-item-inner\">\n\t\t<div class=\"eltdf-pli-image\">\n\t<img decoding=\"async\" src=\"https:\/\/museodelcanal.com\/wp-content\/uploads\/2025\/12\/surcos-200x200.png\" alt=\"\" width=\"200\" height=\"200\" \/>\t\t\t\t\t<a itemprop=\"url\" class=\"eltdf-pli-link eltdf-block-drag-link\" data-rel=\"prettyPhoto[single_pretty_photo]\" href=\"https:\/\/museodelcanal.com\/wp-content\/uploads\/2025\/12\/surcos.png\">\n\t\t\t            <div class=\"eltdf-pl-item-plus\">\n\t                <svg version=\"1.1\" xmlns=\"http:\/\/www.w3.org\/2000\/svg\" xmlns:xlink=\"http:\/\/www.w3.org\/1999\/xlink\" x=\"0px\" y=\"0px\"\n\t                     width=\"33px\" height=\"33px\" viewBox=\"0 0 33 33\" enable-background=\"new 0 0 33 33\" xml:space=\"preserve\">\n\t                    <line stroke-miterlimit=\"10\" x1=\"0\" y1=\"16.5\" x2=\"33\" y2=\"16.5\"\/>\n\t                    <line stroke-miterlimit=\"10\" x1=\"16.5\" y1=\"0\" x2=\"16.5\" y2=\"33\"\/>\n\t                <\/svg>\n\t            <\/div>\n            <\/a>\n        <\/div>\n<div class=\"eltdf-pli-text-holder\">\n\t<div class=\"eltdf-pli-text-wrapper\">\n\t\t<div class=\"eltdf-pli-text\">\n\t\t\t\t<h4 itemprop=\"name\" class=\"eltdf-pli-title entry-title\" style=\"text-transform: none\">\n\t\tSurcos\t<\/h4>\n\n\t\t\t\n\t\t\t\t\t\t\n\t\t\t\t\t<\/div>\n\t<\/div>\n<\/div>\n\t\t\n\t\t\t<\/div>\n<\/article><article class=\"eltdf-pl-item eltdf-item-space  post-13152 portfolio-item type-portfolio-item status-publish has-post-thumbnail hentry portfolio-category-exposiciones-permanentes portfolio-tag-bandera-panama\">\n\t<div class=\"eltdf-pl-item-inner\">\n\t\t<div class=\"eltdf-pli-image\">\n\t<img decoding=\"async\" src=\"https:\/\/museodelcanal.com\/wp-content\/uploads\/2025\/01\/Bandera-200x200.png\" alt=\"\" width=\"200\" height=\"200\" \/>\t\t\t\t\t<a itemprop=\"url\" class=\"eltdf-pli-link eltdf-block-drag-link\" data-rel=\"prettyPhoto[single_pretty_photo]\" href=\"https:\/\/museodelcanal.com\/wp-content\/uploads\/2025\/01\/Bandera.png\">\n\t\t\t            <div class=\"eltdf-pl-item-plus\">\n\t                <svg version=\"1.1\" xmlns=\"http:\/\/www.w3.org\/2000\/svg\" xmlns:xlink=\"http:\/\/www.w3.org\/1999\/xlink\" x=\"0px\" y=\"0px\"\n\t                     width=\"33px\" height=\"33px\" viewBox=\"0 0 33 33\" enable-background=\"new 0 0 33 33\" xml:space=\"preserve\">\n\t                    <line stroke-miterlimit=\"10\" x1=\"0\" y1=\"16.5\" x2=\"33\" y2=\"16.5\"\/>\n\t                    <line stroke-miterlimit=\"10\" x1=\"16.5\" y1=\"0\" x2=\"16.5\" y2=\"33\"\/>\n\t                <\/svg>\n\t            <\/div>\n            <\/a>\n        <\/div>\n<div class=\"eltdf-pli-text-holder\">\n\t<div class=\"eltdf-pli-text-wrapper\">\n\t\t<div class=\"eltdf-pli-text\">\n\t\t\t\t<h4 itemprop=\"name\" class=\"eltdf-pli-title entry-title\" style=\"text-transform: none\">\n\t\tGaler\u00eda de Banderas\t<\/h4>\n\n\t\t\t\n\t\t\t\t\t\t\n\t\t\t\t\t<\/div>\n\t<\/div>\n<\/div>\n\t\t\n\t\t\t<\/div>\n<\/article><article class=\"eltdf-pl-item eltdf-item-space  post-12937 portfolio-item type-portfolio-item status-publish has-post-thumbnail hentry portfolio-category-residencias\">\n\t<div class=\"eltdf-pl-item-inner\">\n\t\t<div class=\"eltdf-pli-image\">\n\t<img decoding=\"async\" src=\"https:\/\/museodelcanal.com\/wp-content\/uploads\/2025\/01\/20240715_039_FARO_2024-copia-scaled-200x200.jpg\" alt=\"Alfredo Mart\u00edz\" width=\"200\" height=\"200\" \/>\t\t\t\t\t<a itemprop=\"url\" class=\"eltdf-pli-link eltdf-block-drag-link\" data-rel=\"prettyPhoto[single_pretty_photo]\" href=\"https:\/\/museodelcanal.com\/wp-content\/uploads\/2025\/01\/20240715_039_FARO_2024-copia-scaled.jpg\">\n\t\t\t            <div class=\"eltdf-pl-item-plus\">\n\t                <svg version=\"1.1\" xmlns=\"http:\/\/www.w3.org\/2000\/svg\" xmlns:xlink=\"http:\/\/www.w3.org\/1999\/xlink\" x=\"0px\" y=\"0px\"\n\t                     width=\"33px\" height=\"33px\" viewBox=\"0 0 33 33\" enable-background=\"new 0 0 33 33\" xml:space=\"preserve\">\n\t                    <line stroke-miterlimit=\"10\" x1=\"0\" y1=\"16.5\" x2=\"33\" y2=\"16.5\"\/>\n\t                    <line stroke-miterlimit=\"10\" x1=\"16.5\" y1=\"0\" x2=\"16.5\" y2=\"33\"\/>\n\t                <\/svg>\n\t            <\/div>\n            <\/a>\n        <\/div>\n<div class=\"eltdf-pli-text-holder\">\n\t<div class=\"eltdf-pli-text-wrapper\">\n\t\t<div class=\"eltdf-pli-text\">\n\t\t\t\t<h4 itemprop=\"name\" class=\"eltdf-pli-title entry-title\" style=\"text-transform: none\">\n\t\tBombas no detonadas &#8211; Alfredo J. Martiz J.\t<\/h4>\n\n\t\t\t\n\t\t\t\t\t\t\n\t\t\t\t\t<\/div>\n\t<\/div>\n<\/div>\n\t\t\n\t\t\t<\/div>\n<\/article><article class=\"eltdf-pl-item eltdf-item-space  post-12936 portfolio-item type-portfolio-item status-publish has-post-thumbnail hentry portfolio-category-residencias\">\n\t<div class=\"eltdf-pl-item-inner\">\n\t\t<div class=\"eltdf-pli-image\">\n\t<img loading=\"lazy\" decoding=\"async\" src=\"https:\/\/museodelcanal.com\/wp-content\/uploads\/2025\/01\/Giana-De-Dier-scaled-200x200.jpg\" alt=\"\" width=\"200\" height=\"200\" \/>\t\t\t\t\t<a itemprop=\"url\" class=\"eltdf-pli-link eltdf-block-drag-link\" data-rel=\"prettyPhoto[single_pretty_photo]\" href=\"https:\/\/museodelcanal.com\/wp-content\/uploads\/2025\/01\/Giana-De-Dier-scaled.jpg\">\n\t\t\t            <div class=\"eltdf-pl-item-plus\">\n\t                <svg version=\"1.1\" xmlns=\"http:\/\/www.w3.org\/2000\/svg\" xmlns:xlink=\"http:\/\/www.w3.org\/1999\/xlink\" x=\"0px\" y=\"0px\"\n\t                     width=\"33px\" height=\"33px\" viewBox=\"0 0 33 33\" enable-background=\"new 0 0 33 33\" xml:space=\"preserve\">\n\t                    <line stroke-miterlimit=\"10\" x1=\"0\" y1=\"16.5\" x2=\"33\" y2=\"16.5\"\/>\n\t                    <line stroke-miterlimit=\"10\" x1=\"16.5\" y1=\"0\" x2=\"16.5\" y2=\"33\"\/>\n\t                <\/svg>\n\t            <\/div>\n            <\/a>\n        <\/div>\n<div class=\"eltdf-pli-text-holder\">\n\t<div class=\"eltdf-pli-text-wrapper\">\n\t\t<div class=\"eltdf-pli-text\">\n\t\t\t\t<h4 itemprop=\"name\" class=\"eltdf-pli-title entry-title\" style=\"text-transform: none\">\n\t\tCuidado comunal radical y liberaci\u00f3n &#8211; Giana De Dier\t<\/h4>\n\n\t\t\t\n\t\t\t\t\t\t\n\t\t\t\t\t<\/div>\n\t<\/div>\n<\/div>\n\t\t\n\t\t\t<\/div>\n<\/article><article class=\"eltdf-pl-item eltdf-item-space  post-12924 portfolio-item type-portfolio-item status-publish has-post-thumbnail hentry portfolio-category-exposiciones-temporales\">\n\t<div class=\"eltdf-pl-item-inner\">\n\t\t<div class=\"eltdf-pli-image\">\n\t<img loading=\"lazy\" decoding=\"async\" src=\"https:\/\/museodelcanal.com\/wp-content\/uploads\/2025\/01\/DSC05649-2-200x200.jpg\" alt=\"Palabras navegantes\" width=\"200\" height=\"200\" \/>\t\t\t\t\t<a itemprop=\"url\" class=\"eltdf-pli-link eltdf-block-drag-link\" data-rel=\"prettyPhoto[single_pretty_photo]\" href=\"https:\/\/museodelcanal.com\/wp-content\/uploads\/2025\/01\/DSC05649-2.jpg\">\n\t\t\t            <div class=\"eltdf-pl-item-plus\">\n\t                <svg version=\"1.1\" xmlns=\"http:\/\/www.w3.org\/2000\/svg\" xmlns:xlink=\"http:\/\/www.w3.org\/1999\/xlink\" x=\"0px\" y=\"0px\"\n\t                     width=\"33px\" height=\"33px\" viewBox=\"0 0 33 33\" enable-background=\"new 0 0 33 33\" xml:space=\"preserve\">\n\t                    <line stroke-miterlimit=\"10\" x1=\"0\" y1=\"16.5\" x2=\"33\" y2=\"16.5\"\/>\n\t                    <line stroke-miterlimit=\"10\" x1=\"16.5\" y1=\"0\" x2=\"16.5\" y2=\"33\"\/>\n\t                <\/svg>\n\t            <\/div>\n            <\/a>\n        <\/div>\n<div class=\"eltdf-pli-text-holder\">\n\t<div class=\"eltdf-pli-text-wrapper\">\n\t\t<div class=\"eltdf-pli-text\">\n\t\t\t\t<h4 itemprop=\"name\" class=\"eltdf-pli-title entry-title\" style=\"text-transform: none\">\n\t\tPalabras navegantes\t<\/h4>\n\n\t\t\t\n\t\t\t\t\t\t\n\t\t\t\t\t<\/div>\n\t<\/div>\n<\/div>\n\t\t\n\t\t\t<\/div>\n<\/article><article class=\"eltdf-pl-item eltdf-item-space  post-8270 portfolio-item type-portfolio-item status-publish has-post-thumbnail hentry portfolio-category-exposiciones-permanentes\">\n\t<div class=\"eltdf-pl-item-inner\">\n\t\t<div class=\"eltdf-pli-image\">\n\t<img loading=\"lazy\" decoding=\"async\" src=\"https:\/\/museodelcanal.com\/wp-content\/uploads\/2024\/10\/PanamaAntesdelCanal-200x200.jpg\" alt=\"\" width=\"200\" height=\"200\" \/>\t\t\t\t\t<a itemprop=\"url\" class=\"eltdf-pli-link eltdf-block-drag-link\" data-rel=\"prettyPhoto[single_pretty_photo]\" href=\"https:\/\/museodelcanal.com\/wp-content\/uploads\/2024\/10\/PanamaAntesdelCanal.jpg\">\n\t\t\t            <div class=\"eltdf-pl-item-plus\">\n\t                <svg version=\"1.1\" xmlns=\"http:\/\/www.w3.org\/2000\/svg\" xmlns:xlink=\"http:\/\/www.w3.org\/1999\/xlink\" x=\"0px\" y=\"0px\"\n\t                     width=\"33px\" height=\"33px\" viewBox=\"0 0 33 33\" enable-background=\"new 0 0 33 33\" xml:space=\"preserve\">\n\t                    <line stroke-miterlimit=\"10\" x1=\"0\" y1=\"16.5\" x2=\"33\" y2=\"16.5\"\/>\n\t                    <line stroke-miterlimit=\"10\" x1=\"16.5\" y1=\"0\" x2=\"16.5\" y2=\"33\"\/>\n\t                <\/svg>\n\t            <\/div>\n            <\/a>\n        <\/div>\n<div class=\"eltdf-pli-text-holder\">\n\t<div class=\"eltdf-pli-text-wrapper\">\n\t\t<div class=\"eltdf-pli-text\">\n\t\t\t\t<h4 itemprop=\"name\" class=\"eltdf-pli-title entry-title\" style=\"text-transform: none\">\n\t\tPanam\u00e1 Antes del Canal\t<\/h4>\n\n\t\t\t\n\t\t\t\t\t\t\n\t\t\t\t\t<\/div>\n\t<\/div>\n<\/div>\n\t\t\n\t\t\t<\/div>\n<\/article><article class=\"eltdf-pl-item eltdf-item-space  post-8269 portfolio-item type-portfolio-item status-publish has-post-thumbnail hentry portfolio-category-exposiciones-permanentes\">\n\t<div class=\"eltdf-pl-item-inner\">\n\t\t<div class=\"eltdf-pli-image\">\n\t<img loading=\"lazy\" decoding=\"async\" src=\"https:\/\/museodelcanal.com\/wp-content\/uploads\/2023\/07\/j4-200x200.jpg\" alt=\"\" width=\"200\" height=\"200\" \/>\t\t\t\t\t<a itemprop=\"url\" class=\"eltdf-pli-link eltdf-block-drag-link\" data-rel=\"prettyPhoto[single_pretty_photo]\" href=\"https:\/\/museodelcanal.com\/wp-content\/uploads\/2023\/07\/j4.jpg\">\n\t\t\t            <div class=\"eltdf-pl-item-plus\">\n\t                <svg version=\"1.1\" xmlns=\"http:\/\/www.w3.org\/2000\/svg\" xmlns:xlink=\"http:\/\/www.w3.org\/1999\/xlink\" x=\"0px\" y=\"0px\"\n\t                     width=\"33px\" height=\"33px\" viewBox=\"0 0 33 33\" enable-background=\"new 0 0 33 33\" xml:space=\"preserve\">\n\t                    <line stroke-miterlimit=\"10\" x1=\"0\" y1=\"16.5\" x2=\"33\" y2=\"16.5\"\/>\n\t                    <line stroke-miterlimit=\"10\" x1=\"16.5\" y1=\"0\" x2=\"16.5\" y2=\"33\"\/>\n\t                <\/svg>\n\t            <\/div>\n            <\/a>\n        <\/div>\n<div class=\"eltdf-pli-text-holder\">\n\t<div class=\"eltdf-pli-text-wrapper\">\n\t\t<div class=\"eltdf-pli-text\">\n\t\t\t\t<h4 itemprop=\"name\" class=\"eltdf-pli-title entry-title\" style=\"text-transform: none\">\n\t\tImaginando un Canal Interoce\u00e1nico\t<\/h4>\n\n\t\t\t\n\t\t\t\t\t\t\n\t\t\t\t\t<\/div>\n\t<\/div>\n<\/div>\n\t\t\n\t\t\t<\/div>\n<\/article><article class=\"eltdf-pl-item eltdf-item-space  post-8268 portfolio-item type-portfolio-item status-publish has-post-thumbnail hentry portfolio-category-exposiciones-permanentes\">\n\t<div class=\"eltdf-pl-item-inner\">\n\t\t<div class=\"eltdf-pli-image\">\n\t<img loading=\"lazy\" decoding=\"async\" src=\"https:\/\/museodelcanal.com\/wp-content\/uploads\/2023\/07\/j3-200x200.jpg\" alt=\"\" width=\"200\" height=\"200\" \/>\t\t\t\t\t<a itemprop=\"url\" class=\"eltdf-pli-link eltdf-block-drag-link\" data-rel=\"prettyPhoto[single_pretty_photo]\" href=\"https:\/\/museodelcanal.com\/wp-content\/uploads\/2023\/07\/j3.jpg\">\n\t\t\t            <div class=\"eltdf-pl-item-plus\">\n\t                <svg version=\"1.1\" xmlns=\"http:\/\/www.w3.org\/2000\/svg\" xmlns:xlink=\"http:\/\/www.w3.org\/1999\/xlink\" x=\"0px\" y=\"0px\"\n\t                     width=\"33px\" height=\"33px\" viewBox=\"0 0 33 33\" enable-background=\"new 0 0 33 33\" xml:space=\"preserve\">\n\t                    <line stroke-miterlimit=\"10\" x1=\"0\" y1=\"16.5\" x2=\"33\" y2=\"16.5\"\/>\n\t                    <line stroke-miterlimit=\"10\" x1=\"16.5\" y1=\"0\" x2=\"16.5\" y2=\"33\"\/>\n\t                <\/svg>\n\t            <\/div>\n            <\/a>\n        <\/div>\n<div class=\"eltdf-pli-text-holder\">\n\t<div class=\"eltdf-pli-text-wrapper\">\n\t\t<div class=\"eltdf-pli-text\">\n\t\t\t\t<h4 itemprop=\"name\" class=\"eltdf-pli-title entry-title\" style=\"text-transform: none\">\n\t\tLa vida en la Zona\t<\/h4>\n\n\t\t\t\n\t\t\t\t\t\t\n\t\t\t\t\t<\/div>\n\t<\/div>\n<\/div>\n\t\t\n\t\t\t<\/div>\n<\/article><article class=\"eltdf-pl-item eltdf-item-space  post-8267 portfolio-item type-portfolio-item status-publish has-post-thumbnail hentry portfolio-category-exposiciones-permanentes\">\n\t<div class=\"eltdf-pl-item-inner\">\n\t\t<div class=\"eltdf-pli-image\">\n\t<img loading=\"lazy\" decoding=\"async\" src=\"https:\/\/museodelcanal.com\/wp-content\/uploads\/2023\/07\/j2-200x200.jpg\" alt=\"\" width=\"200\" height=\"200\" \/>\t\t\t\t\t<a itemprop=\"url\" class=\"eltdf-pli-link eltdf-block-drag-link\" data-rel=\"prettyPhoto[single_pretty_photo]\" href=\"https:\/\/museodelcanal.com\/wp-content\/uploads\/2023\/07\/j2.jpg\">\n\t\t\t            <div class=\"eltdf-pl-item-plus\">\n\t                <svg version=\"1.1\" xmlns=\"http:\/\/www.w3.org\/2000\/svg\" xmlns:xlink=\"http:\/\/www.w3.org\/1999\/xlink\" x=\"0px\" y=\"0px\"\n\t                     width=\"33px\" height=\"33px\" viewBox=\"0 0 33 33\" enable-background=\"new 0 0 33 33\" xml:space=\"preserve\">\n\t                    <line stroke-miterlimit=\"10\" x1=\"0\" y1=\"16.5\" x2=\"33\" y2=\"16.5\"\/>\n\t                    <line stroke-miterlimit=\"10\" x1=\"16.5\" y1=\"0\" x2=\"16.5\" y2=\"33\"\/>\n\t                <\/svg>\n\t            <\/div>\n            <\/a>\n        <\/div>\n<div class=\"eltdf-pli-text-holder\">\n\t<div class=\"eltdf-pli-text-wrapper\">\n\t\t<div class=\"eltdf-pli-text\">\n\t\t\t\t<h4 itemprop=\"name\" class=\"eltdf-pli-title entry-title\" style=\"text-transform: none\">\n\t\tLa Ruta por la soberan\u00eda 1903 &#8211; 1964\t<\/h4>\n\n\t\t\t\n\t\t\t\t\t\t\n\t\t\t\t\t<\/div>\n\t<\/div>\n<\/div>\n\t\t\n\t\t\t<\/div>\n<\/article>\t<\/div>\n\t\n\t<\/div>\n[\/vc_column][\/vc_row]<\/p>\n","protected":false},"excerpt":{"rendered":"<p>[vc_row][vc_column][vc_empty_space][\/vc_column][\/vc_row]<\/p>\n","protected":false},"author":3,"featured_media":0,"parent":0,"menu_order":0,"comment_status":"closed","ping_status":"closed","template":"","meta":{"footnotes":""},"class_list":["post-7386","page","type-page","status-publish","hentry"],"yoast_head":"<!-- This site is optimized with the Yoast SEO plugin v27.2 - https:\/\/yoast.com\/product\/yoast-seo-wordpress\/ -->\n<title>Nuestras Exposiciones - Museo del Canal Interoce\u00e1nico de Panam\u00e1<\/title>\n<meta name=\"robots\" content=\"index, follow, max-snippet:-1, max-image-preview:large, max-video-preview:-1\" \/>\n<link rel=\"canonical\" href=\"https:\/\/museodelcanal.com\/en\/nuestras-exposiciones\/\" \/>\n<meta property=\"og:locale\" content=\"en_US\" \/>\n<meta property=\"og:type\" content=\"article\" \/>\n<meta property=\"og:title\" content=\"Nuestras Exposiciones - Museo del Canal Interoce\u00e1nico de Panam\u00e1\" \/>\n<meta property=\"og:description\" content=\"[vc_row][vc_column][vc_empty_space][\/vc_column][\/vc_row]\" \/>\n<meta property=\"og:url\" content=\"https:\/\/museodelcanal.com\/en\/nuestras-exposiciones\/\" \/>\n<meta property=\"og:site_name\" content=\"Museo del Canal Interoce\u00e1nico de Panam\u00e1\" \/>\n<meta property=\"article:modified_time\" content=\"2023-05-11T15:02:25+00:00\" \/>\n<meta property=\"og:image\" content=\"https:\/\/museodelcanal.com\/wp-content\/uploads\/2021\/04\/MUCI-Logo-Green.png\" \/>\n\t<meta property=\"og:image:width\" content=\"1289\" \/>\n\t<meta property=\"og:image:height\" content=\"600\" \/>\n\t<meta property=\"og:image:type\" content=\"image\/png\" \/>\n<meta name=\"twitter:card\" content=\"summary_large_image\" \/>\n<meta name=\"twitter:label1\" content=\"Est. reading time\" \/>\n\t<meta name=\"twitter:data1\" content=\"1 minute\" \/>\n<script type=\"application\/ld+json\" class=\"yoast-schema-graph\">{\"@context\":\"https:\/\/schema.org\",\"@graph\":[{\"@type\":\"WebPage\",\"@id\":\"https:\/\/museodelcanal.com\/nuestras-exposiciones\/\",\"url\":\"https:\/\/museodelcanal.com\/nuestras-exposiciones\/\",\"name\":\"Nuestras Exposiciones - Museo del Canal Interoce\u00e1nico de Panam\u00e1\",\"isPartOf\":{\"@id\":\"https:\/\/museodelcanal.com\/#website\"},\"datePublished\":\"2023-05-11T13:48:35+00:00\",\"dateModified\":\"2023-05-11T15:02:25+00:00\",\"breadcrumb\":{\"@id\":\"https:\/\/museodelcanal.com\/nuestras-exposiciones\/#breadcrumb\"},\"inLanguage\":\"en-US\",\"potentialAction\":[{\"@type\":\"ReadAction\",\"target\":[\"https:\/\/museodelcanal.com\/nuestras-exposiciones\/\"]}]},{\"@type\":\"BreadcrumbList\",\"@id\":\"https:\/\/museodelcanal.com\/nuestras-exposiciones\/#breadcrumb\",\"itemListElement\":[{\"@type\":\"ListItem\",\"position\":1,\"name\":\"Portada\",\"item\":\"https:\/\/museodelcanal.com\/\"},{\"@type\":\"ListItem\",\"position\":2,\"name\":\"Nuestras Exposiciones\"}]},{\"@type\":\"WebSite\",\"@id\":\"https:\/\/museodelcanal.com\/#website\",\"url\":\"https:\/\/museodelcanal.com\/\",\"name\":\"Museo del Canal Interoce\u00e1nico de Panam\u00e1\",\"description\":\"Explora el pasado para navegar el presente\",\"potentialAction\":[{\"@type\":\"SearchAction\",\"target\":{\"@type\":\"EntryPoint\",\"urlTemplate\":\"https:\/\/museodelcanal.com\/?s={search_term_string}\"},\"query-input\":{\"@type\":\"PropertyValueSpecification\",\"valueRequired\":true,\"valueName\":\"search_term_string\"}}],\"inLanguage\":\"en-US\"}]}<\/script>\n<!-- \/ Yoast SEO plugin. -->","yoast_head_json":{"title":"Nuestras Exposiciones - Museo del Canal Interoce\u00e1nico de Panam\u00e1","robots":{"index":"index","follow":"follow","max-snippet":"max-snippet:-1","max-image-preview":"max-image-preview:large","max-video-preview":"max-video-preview:-1"},"canonical":"https:\/\/museodelcanal.com\/en\/nuestras-exposiciones\/","og_locale":"en_US","og_type":"article","og_title":"Nuestras Exposiciones - Museo del Canal Interoce\u00e1nico de Panam\u00e1","og_description":"[vc_row][vc_column][vc_empty_space][\/vc_column][\/vc_row]","og_url":"https:\/\/museodelcanal.com\/en\/nuestras-exposiciones\/","og_site_name":"Museo del Canal Interoce\u00e1nico de Panam\u00e1","article_modified_time":"2023-05-11T15:02:25+00:00","og_image":[{"width":1289,"height":600,"url":"https:\/\/museodelcanal.com\/wp-content\/uploads\/2021\/04\/MUCI-Logo-Green.png","type":"image\/png"}],"twitter_card":"summary_large_image","twitter_misc":{"Est. reading time":"1 minute"},"schema":{"@context":"https:\/\/schema.org","@graph":[{"@type":"WebPage","@id":"https:\/\/museodelcanal.com\/nuestras-exposiciones\/","url":"https:\/\/museodelcanal.com\/nuestras-exposiciones\/","name":"Nuestras Exposiciones - Museo del Canal Interoce\u00e1nico de Panam\u00e1","isPartOf":{"@id":"https:\/\/museodelcanal.com\/#website"},"datePublished":"2023-05-11T13:48:35+00:00","dateModified":"2023-05-11T15:02:25+00:00","breadcrumb":{"@id":"https:\/\/museodelcanal.com\/nuestras-exposiciones\/#breadcrumb"},"inLanguage":"en-US","potentialAction":[{"@type":"ReadAction","target":["https:\/\/museodelcanal.com\/nuestras-exposiciones\/"]}]},{"@type":"BreadcrumbList","@id":"https:\/\/museodelcanal.com\/nuestras-exposiciones\/#breadcrumb","itemListElement":[{"@type":"ListItem","position":1,"name":"Portada","item":"https:\/\/museodelcanal.com\/"},{"@type":"ListItem","position":2,"name":"Nuestras Exposiciones"}]},{"@type":"WebSite","@id":"https:\/\/museodelcanal.com\/#website","url":"https:\/\/museodelcanal.com\/","name":"Panama Canal Museum","description":"Explore the past to navigate the present","potentialAction":[{"@type":"SearchAction","target":{"@type":"EntryPoint","urlTemplate":"https:\/\/museodelcanal.com\/?s={search_term_string}"},"query-input":{"@type":"PropertyValueSpecification","valueRequired":true,"valueName":"search_term_string"}}],"inLanguage":"en-US"}]}},"_links":{"self":[{"href":"https:\/\/museodelcanal.com\/en\/wp-json\/wp\/v2\/pages\/7386","targetHints":{"allow":["GET"]}}],"collection":[{"href":"https:\/\/museodelcanal.com\/en\/wp-json\/wp\/v2\/pages"}],"about":[{"href":"https:\/\/museodelcanal.com\/en\/wp-json\/wp\/v2\/types\/page"}],"author":[{"embeddable":true,"href":"https:\/\/museodelcanal.com\/en\/wp-json\/wp\/v2\/users\/3"}],"replies":[{"embeddable":true,"href":"https:\/\/museodelcanal.com\/en\/wp-json\/wp\/v2\/comments?post=7386"}],"version-history":[{"count":31,"href":"https:\/\/museodelcanal.com\/en\/wp-json\/wp\/v2\/pages\/7386\/revisions"}],"predecessor-version":[{"id":7421,"href":"https:\/\/museodelcanal.com\/en\/wp-json\/wp\/v2\/pages\/7386\/revisions\/7421"}],"wp:attachment":[{"href":"https:\/\/museodelcanal.com\/en\/wp-json\/wp\/v2\/media?parent=7386"}],"curies":[{"name":"wp","href":"https:\/\/api.w.org\/{rel}","templated":true}]}}