{"id":5579,"date":"2022-09-15T09:14:49","date_gmt":"2022-09-15T14:14:49","guid":{"rendered":"http:\/\/18.232.14.241\/?page_id=5579"},"modified":"2022-09-15T10:08:09","modified_gmt":"2022-09-15T15:08:09","slug":"property-law-and-trademarks","status":"publish","type":"page","link":"https:\/\/museodelcanal.com\/en\/derecho-de-propiedad-y-marcas-registradas\/","title":{"rendered":"Property Law and Trademarks"},"content":{"rendered":"<p>[vc_row content_placement=\u00bbmiddle\u00bb disable_element=\u00bbyes\u00bb row_content_width=\u00bbgrid\u00bb content_text_aligment=\u00bbcenter\u00bb css=\u00bb.vc_custom_1663197757848{padding-top: 100px !important;padding-bottom: 25px !important;}\u00bb el_class=\u00bblanding-nosotros\u00bb][vc_column]<div class=\"eltdf-section-title-holder long-title  eltdf-st-decorative-line\" >\n\t<div class=\"eltdf-st-inner\">\n        \t\t\t\t\t<h2 class=\"eltdf-st-title\" style=\"font-size: 45px\">\n    <span class=\"eltdf-st-title-inner\"><span class=\"eltdf-st-side-line-left\" ><\/span>Derecho de Propiedad y Marcas Registradas<span class=\"eltdf-st-side-line-right\" ><\/span><\/span>\n\t\t\t<\/h2>\n\t\t\t\t\t\t\t<\/div>\n<\/div>[\/vc_column][\/vc_row][vc_row el_id=\u00bbterminos-condiciones\u00bb][vc_column][vc_column_text]<\/p>\n<p>Estos T\u00e9rminos y Condiciones son v\u00e1lidos para el sitio web <a href=\"https:\/\/museodelcanal.com\/\">museodelcanal.local<\/a><\/p>\n<p>[\/vc_column_text][vc_column_text]<\/p>\n<ol>\n<li>DERECHOS DE PROPIEDAD INTELECTUAL E INDUSTRIAL.\n<ol>\n<li>DERECHOS DE AUTOR<br \/>\nTodo el contenido incluido en o puesto a disposici\u00f3n a trav\u00e9s de cualquier Servicio de museodelcanal.local, como por ejemplo texto, gr\u00e1ficos, logotipos, iconos de botones, im\u00e1genes, archivos de sonido, descargas digitales, recopilaci\u00f3n de datos y soporte l\u00f3gico son propiedad de Museo del Canal Interoce\u00e1nico de Panam\u00e1 o sus proveedores de contenido y est\u00e1 protegido por las leyes internacionales sobre derecho de autor. El conjunto de todo el contenido albergado o puesto a disposici\u00f3n a trav\u00e9s de cualquier Servicio de museodelcanal.local es propiedad exclusiva de Museo del Canal Interoce\u00e1nico de Panam\u00e1 y est\u00e1 protegido por las leyes internacionales sobre los derechos de autor.<\/li>\n<li>MARCAS COMERCIALES<br \/>\nDe forma adicional, los gr\u00e1ficos, los logotipos, los encabezados de p\u00e1gina, \u00edconos de botones, secuencias de comandos y nombres de servicio incluido o disponible a trav\u00e9s de cualquier servicio de museodelcanal.local son marcas comerciales o im\u00e1genes comerciales de Museo del Canal Interoce\u00e1nico de Panam\u00e1 en Panam\u00e1 y otros pa\u00edses. Las marcas e im\u00e1genes comerciales de museodelcanal.local no se podr\u00e1n utilizar en relaci\u00f3n con ning\u00fan producto o servicio que no pertenezca a museodelcanal.local, ni en ning\u00fan sentido que pueda causar confusi\u00f3n entre los usuarios, ni en ning\u00fan sentido que descalifique o desacredite a Museo del Canal Interoce\u00e1nico de Panam\u00e1. Todas las dem\u00e1s marcas comerciales no pertenecientes a museodelcanal.local que se muestren en cualquier Servicio de museodelcanal.local son propiedad de sus respectivos propietarios, quienes podr\u00e1n o no estar afiliados o relacionados de cualquier modo con museodelcanal.local, o patrocinados por museodelcanal.local.<\/li>\n<li>PATENTES<br \/>\nDiversas patentes pertenecientes a museodelcanal.local son aplicables a los Servicios de museodelcanal.local as\u00ed como a las caracter\u00edsticas y servicios accesibles a trav\u00e9s de los mismos. Ciertas partes de Servicios de museodelcanal.local operan en virtud de la licencia de diversas patentes.<\/li>\n<li>LICENCIA Y ACCESO<br \/>\nSujeto a su cumplimiento de estas Condiciones de Uso, as\u00ed como al pago de cualquier tarifa aplicable, museodelcanal.local o sus proveedores de contenido le otorgan una licencia limitada, no exclusiva, no transferible y sin sublicencia para ingresar y realizar uso personal no comercial de los Servicios de museodelcanal.local. Esta licencia no incluye derecho alguno de reventa ni de uso comercial de ninguno de los Servicios de museodelcanal.local, ni sus contenidos; ning\u00fan derecho a realizar ninguna recolecci\u00f3n ni uso de cualesquiera listas de producto, descripciones o precios; derecho alguno a realizar ning\u00fan uso derivado de los Servicios de museodelcanal.local ni sus contenidos; a descargar, copiar, u otro uso de informaci\u00f3n de cuenta para el beneficio de un tercero; ni el uso de extracci\u00f3n de datos, robots o herramientas de extracci\u00f3n y recopilaci\u00f3n de datos similares. museodelcanal.local y sus licenciantes, proveedores, editores, titulares de los derechos o proveedores de otro contenido se reservan y mantienen cualesquiera derechos que no se encuentren expresamente comprendidos en estas Condiciones de Uso o en los T\u00e9rminos de Servicio. No est\u00e1 permitida la reproducci\u00f3n, duplicaci\u00f3n, copia, venta, reventa o explotaci\u00f3n de ning\u00fan tipo de los Servicios de museodelcanal.local ni de ninguna parte de los mismos con fines comerciales sin el previo consentimiento expreso por escrito de museodelcanal.local. No podr\u00e1 enmarcar o utilizar t\u00e9cnicas de enmarcaci\u00f3n para instalar un contorno en ninguna marca comercial, logotipo u otra informaci\u00f3n exclusiva (incluyendo im\u00e1genes, texto, o dise\u00f1o de p\u00e1gina o formatos) de museodelcanal.local sin el consentimiento expreso por escrito. No podr\u00e1 utilizar meta etiquetas (meta tags) ni ning\u00fan \u00abtexto oculto\u00bb que utilice el nombre o marcas comerciales de museodelcanal.local sin nuestra autorizaci\u00f3n expresa por escrito. No podr\u00e1 hacer uso indebido de los Servicios de museodelcanal.local. Podr\u00e1 utilizar los Servicios de museodelcanal.local \u00fanicamente hasta donde lo permita la ley. Las licencias otorgadas por museodelcanal.local terminar\u00e1n si usted incumple con estas Condiciones de Uso o con cualquiera de los T\u00e9rminos de Servicio.<\/li>\n<\/ol>\n<\/li>\n<li>JURISDICCI\u00d3N.<br \/>\n<strong>Estas Condiciones Generales se rigen por la ley de la Rep\u00fablica de Panam\u00e1. Las partes se someten, a su elecci\u00f3n, para la resoluci\u00f3n de los conflictos y con renuncia a cualquier otro fuero, a los juzgados y tribunales del domicilio del usuario. Asimismo, como entidad adherida a LA CONSTITUCI\u00d3N DE LA REP\u00daBLICA DE PANAM\u00c1 y en los t\u00e9rminos de su LEY DE PROTECCI\u00d3N DE DATOS, en caso de controversias, el usuario podr\u00e1 acudir a los tribunales competentes dentro de la Rep\u00fablica de Panam\u00e1.<\/strong><\/li>\n<\/ol>\n<p>[\/vc_column_text][\/vc_column][\/vc_row]<\/p>\n","protected":false},"excerpt":{"rendered":"<p>[vc_row content_placement=\u00bbmiddle\u00bb disable_element=\u00bbyes\u00bb row_content_width=\u00bbgrid\u00bb content_text_aligment=\u00bbcenter\u00bb css=\u00bb.vc_custom_1663197757848{padding-top: 100px !important;padding-bottom: 25px !important;}\u00bb el_class=\u00bblanding-nosotros\u00bb][vc_column][\/vc_column][\/vc_row][vc_row el_id=\u00bbterminos-condiciones\u00bb][vc_column][vc_column_text] Estos T\u00e9rminos y Condiciones son v\u00e1lidos para el sitio web museodelcanal.local [\/vc_column_text][vc_column_text] DERECHOS DE PROPIEDAD INTELECTUAL E INDUSTRIAL. DERECHOS DE AUTOR Todo el contenido incluido en o puesto [&hellip;]<\/p>\n","protected":false},"author":3,"featured_media":0,"parent":0,"menu_order":0,"comment_status":"closed","ping_status":"closed","template":"","meta":{"footnotes":""},"class_list":["post-5579","page","type-page","status-publish","hentry"],"yoast_head":"<!-- This site is optimized with the Yoast SEO plugin v27.2 - https:\/\/yoast.com\/product\/yoast-seo-wordpress\/ -->\n<title>Museo del Canal Interoce\u00e1nico de Panam\u00e1 | Derecho de Propiedad y Marcas Registradas<\/title>\n<meta name=\"description\" content=\"Todo el contenido incluido en o puesto a disposici\u00f3n a trav\u00e9s de cualquier Servicio de museodelcanal.local\" \/>\n<meta name=\"robots\" content=\"index, follow, max-snippet:-1, max-image-preview:large, max-video-preview:-1\" \/>\n<link rel=\"canonical\" href=\"https:\/\/museodelcanal.com\/en\/property-law-and-trademarks\/\" \/>\n<meta property=\"og:locale\" content=\"en_US\" \/>\n<meta property=\"og:type\" content=\"article\" \/>\n<meta property=\"og:title\" content=\"Museo del Canal Interoce\u00e1nico de Panam\u00e1 | Derecho de Propiedad y Marcas Registradas\" \/>\n<meta property=\"og:description\" content=\"Todo el contenido incluido en o puesto a disposici\u00f3n a trav\u00e9s de cualquier Servicio de museodelcanal.local\" \/>\n<meta property=\"og:url\" content=\"https:\/\/museodelcanal.com\/en\/property-law-and-trademarks\/\" \/>\n<meta property=\"og:site_name\" content=\"Museo del Canal Interoce\u00e1nico de Panam\u00e1\" \/>\n<meta property=\"article:modified_time\" content=\"2022-09-15T15:08:09+00:00\" \/>\n<meta property=\"og:image\" content=\"https:\/\/museodelcanal.com\/wp-content\/uploads\/2021\/04\/MUCI-Logo-Green.png\" \/>\n\t<meta property=\"og:image:width\" content=\"1289\" \/>\n\t<meta property=\"og:image:height\" content=\"600\" \/>\n\t<meta property=\"og:image:type\" content=\"image\/png\" \/>\n<meta name=\"twitter:card\" content=\"summary_large_image\" \/>\n<meta name=\"twitter:label1\" content=\"Est. reading time\" \/>\n\t<meta name=\"twitter:data1\" content=\"4 minutes\" \/>\n<script type=\"application\/ld+json\" class=\"yoast-schema-graph\">{\"@context\":\"https:\/\/schema.org\",\"@graph\":[{\"@type\":\"WebPage\",\"@id\":\"https:\/\/museodelcanal.com\/derecho-de-propiedad-y-marcas-registradas\/\",\"url\":\"https:\/\/museodelcanal.com\/derecho-de-propiedad-y-marcas-registradas\/\",\"name\":\"Museo del Canal Interoce\u00e1nico de Panam\u00e1 | Derecho de Propiedad y Marcas Registradas\",\"isPartOf\":{\"@id\":\"https:\/\/museodelcanal.com\/#website\"},\"datePublished\":\"2022-09-15T14:14:49+00:00\",\"dateModified\":\"2022-09-15T15:08:09+00:00\",\"description\":\"Todo el contenido incluido en o puesto a disposici\u00f3n a trav\u00e9s de cualquier Servicio de museodelcanal.local\",\"breadcrumb\":{\"@id\":\"https:\/\/museodelcanal.com\/derecho-de-propiedad-y-marcas-registradas\/#breadcrumb\"},\"inLanguage\":\"en-US\",\"potentialAction\":[{\"@type\":\"ReadAction\",\"target\":[\"https:\/\/museodelcanal.com\/derecho-de-propiedad-y-marcas-registradas\/\"]}]},{\"@type\":\"BreadcrumbList\",\"@id\":\"https:\/\/museodelcanal.com\/derecho-de-propiedad-y-marcas-registradas\/#breadcrumb\",\"itemListElement\":[{\"@type\":\"ListItem\",\"position\":1,\"name\":\"Portada\",\"item\":\"https:\/\/museodelcanal.com\/\"},{\"@type\":\"ListItem\",\"position\":2,\"name\":\"Derecho de Propiedad y Marcas Registradas\"}]},{\"@type\":\"WebSite\",\"@id\":\"https:\/\/museodelcanal.com\/#website\",\"url\":\"https:\/\/museodelcanal.com\/\",\"name\":\"Museo del Canal Interoce\u00e1nico de Panam\u00e1\",\"description\":\"Explora el pasado para navegar el presente\",\"potentialAction\":[{\"@type\":\"SearchAction\",\"target\":{\"@type\":\"EntryPoint\",\"urlTemplate\":\"https:\/\/museodelcanal.com\/?s={search_term_string}\"},\"query-input\":{\"@type\":\"PropertyValueSpecification\",\"valueRequired\":true,\"valueName\":\"search_term_string\"}}],\"inLanguage\":\"en-US\"}]}<\/script>\n<!-- \/ Yoast SEO plugin. -->","yoast_head_json":{"title":"Panama Canal Museum | Property Law and Trademarks","description":"All content included on or made available through any museodelcanal.local service","robots":{"index":"index","follow":"follow","max-snippet":"max-snippet:-1","max-image-preview":"max-image-preview:large","max-video-preview":"max-video-preview:-1"},"canonical":"https:\/\/museodelcanal.com\/en\/property-law-and-trademarks\/","og_locale":"en_US","og_type":"article","og_title":"Museo del Canal Interoce\u00e1nico de Panam\u00e1 | Derecho de Propiedad y Marcas Registradas","og_description":"Todo el contenido incluido en o puesto a disposici\u00f3n a trav\u00e9s de cualquier Servicio de museodelcanal.local","og_url":"https:\/\/museodelcanal.com\/en\/property-law-and-trademarks\/","og_site_name":"Museo del Canal Interoce\u00e1nico de Panam\u00e1","article_modified_time":"2022-09-15T15:08:09+00:00","og_image":[{"width":1289,"height":600,"url":"https:\/\/museodelcanal.com\/wp-content\/uploads\/2021\/04\/MUCI-Logo-Green.png","type":"image\/png"}],"twitter_card":"summary_large_image","twitter_misc":{"Est. reading time":"4 minutes"},"schema":{"@context":"https:\/\/schema.org","@graph":[{"@type":"WebPage","@id":"https:\/\/museodelcanal.com\/derecho-de-propiedad-y-marcas-registradas\/","url":"https:\/\/museodelcanal.com\/derecho-de-propiedad-y-marcas-registradas\/","name":"Panama Canal Museum | Property Law and Trademarks","isPartOf":{"@id":"https:\/\/museodelcanal.com\/#website"},"datePublished":"2022-09-15T14:14:49+00:00","dateModified":"2022-09-15T15:08:09+00:00","description":"All content included on or made available through any museodelcanal.local service","breadcrumb":{"@id":"https:\/\/museodelcanal.com\/derecho-de-propiedad-y-marcas-registradas\/#breadcrumb"},"inLanguage":"en-US","potentialAction":[{"@type":"ReadAction","target":["https:\/\/museodelcanal.com\/derecho-de-propiedad-y-marcas-registradas\/"]}]},{"@type":"BreadcrumbList","@id":"https:\/\/museodelcanal.com\/derecho-de-propiedad-y-marcas-registradas\/#breadcrumb","itemListElement":[{"@type":"ListItem","position":1,"name":"Portada","item":"https:\/\/museodelcanal.com\/"},{"@type":"ListItem","position":2,"name":"Derecho de Propiedad y Marcas Registradas"}]},{"@type":"WebSite","@id":"https:\/\/museodelcanal.com\/#website","url":"https:\/\/museodelcanal.com\/","name":"Panama Canal Museum","description":"Explore the past to navigate the present","potentialAction":[{"@type":"SearchAction","target":{"@type":"EntryPoint","urlTemplate":"https:\/\/museodelcanal.com\/?s={search_term_string}"},"query-input":{"@type":"PropertyValueSpecification","valueRequired":true,"valueName":"search_term_string"}}],"inLanguage":"en-US"}]}},"_links":{"self":[{"href":"https:\/\/museodelcanal.com\/en\/wp-json\/wp\/v2\/pages\/5579","targetHints":{"allow":["GET"]}}],"collection":[{"href":"https:\/\/museodelcanal.com\/en\/wp-json\/wp\/v2\/pages"}],"about":[{"href":"https:\/\/museodelcanal.com\/en\/wp-json\/wp\/v2\/types\/page"}],"author":[{"embeddable":true,"href":"https:\/\/museodelcanal.com\/en\/wp-json\/wp\/v2\/users\/3"}],"replies":[{"embeddable":true,"href":"https:\/\/museodelcanal.com\/en\/wp-json\/wp\/v2\/comments?post=5579"}],"version-history":[{"count":2,"href":"https:\/\/museodelcanal.com\/en\/wp-json\/wp\/v2\/pages\/5579\/revisions"}],"predecessor-version":[{"id":5588,"href":"https:\/\/museodelcanal.com\/en\/wp-json\/wp\/v2\/pages\/5579\/revisions\/5588"}],"wp:attachment":[{"href":"https:\/\/museodelcanal.com\/en\/wp-json\/wp\/v2\/media?parent=5579"}],"curies":[{"name":"wp","href":"https:\/\/api.w.org\/{rel}","templated":true}]}}